{"id":10896,"date":"2024-12-16T23:38:42","date_gmt":"2024-12-16T23:38:42","guid":{"rendered":"https:\/\/new.bruksa.pl\/?page_id=10896"},"modified":"2025-02-05T19:13:24","modified_gmt":"2025-02-05T19:13:24","slug":"formularz-reklamacji","status":"publish","type":"page","link":"https:\/\/bruksa.devoffteam.eu\/en\/formularz-reklamacji\/","title":{"rendered":"Claim form"},"content":{"rendered":"<div data-elementor-type=\"wp-page\" data-elementor-id=\"10896\" class=\"elementor elementor-10896\" data-elementor-post-type=\"page\">\n\t\t\t\t<div class=\"elementor-element elementor-element-6ded3b0 bruksa--inverted bruksa--padded e-flex e-con-boxed e-con e-parent\" data-id=\"6ded3b0\" data-element_type=\"container\">\n\t\t\t\t\t<div class=\"e-con-inner\">\n\t\t\t\t<div class=\"elementor-element elementor-element-bcd302e has-h2-font-size elementor-widget elementor-widget-heading\" data-id=\"bcd302e\" data-element_type=\"widget\" data-widget_type=\"heading.default\">\n\t\t\t\t<div class=\"elementor-widget-container\">\n\t\t\t\t\t<h1 class=\"elementor-heading-title elementor-size-default\">FORMULARZ ZG\u0141OSZENIA REKLAMACJI<\/h1>\t\t\t\t<\/div>\n\t\t\t\t<\/div>\n\t\t\t\t<div class=\"elementor-element elementor-element-5aec6b1 elementor-widget elementor-widget-shortcode\" data-id=\"5aec6b1\" data-element_type=\"widget\" data-widget_type=\"shortcode.default\">\n\t\t\t\t<div class=\"elementor-widget-container\">\n\t\t\t\t\t\t\t<div class=\"elementor-shortcode\">\n<div class=\"wpcf7 no-js\" id=\"wpcf7-f10895-o1\" lang=\"pl-PL\" dir=\"ltr\" data-wpcf7-id=\"10895\">\n<div class=\"screen-reader-response\"><p role=\"status\" aria-live=\"polite\" aria-atomic=\"true\"><\/p> <ul><\/ul><\/div>\n<form action=\"\/en\/wp-json\/wp\/v2\/pages\/10896#wpcf7-f10895-o1\" method=\"post\" class=\"wpcf7-form init wpcf7-acceptance-as-validation\" aria-label=\"Formularz kontaktowy\" novalidate=\"novalidate\" data-status=\"init\" data-trp-original-action=\"\/en\/wp-json\/wp\/v2\/pages\/10896#wpcf7-f10895-o1\">\n<fieldset class=\"hidden-fields-container\"><input type=\"hidden\" name=\"_wpcf7\" value=\"10895\" \/><input type=\"hidden\" name=\"_wpcf7_version\" value=\"6.1.1\" \/><input type=\"hidden\" name=\"_wpcf7_locale\" value=\"pl_PL\" \/><input type=\"hidden\" name=\"_wpcf7_unit_tag\" value=\"wpcf7-f10895-o1\" \/><input type=\"hidden\" name=\"_wpcf7_container_post\" value=\"0\" \/><input type=\"hidden\" name=\"_wpcf7_posted_data_hash\" value=\"\" \/><input type=\"hidden\" name=\"_wpcf7_recaptcha_response\" value=\"\" \/>\n<\/fieldset>\n<div class=\"formBox\">\n\t<p><label>Data zg\u0142oszenia reklamacji *<\/label><br \/>\n<span class=\"wpcf7-form-control-wrap\" data-name=\"date-424\"><input class=\"wpcf7-form-control wpcf7-date wpcf7-validates-as-required wpcf7-validates-as-date\" aria-required=\"true\" aria-invalid=\"false\" value=\"\" type=\"date\" name=\"date-424\" \/><\/span>\n\t<\/p>\n<\/div>\n<div class=\"formBox\">\n\t<p><label>Wybierz form\u0119 *<\/label><br \/>\n<span class=\"wpcf7-form-control-wrap\" data-name=\"radio-846\"><span class=\"wpcf7-form-control wpcf7-radio\"><span class=\"wpcf7-list-item first\"><label><input type=\"radio\" name=\"radio-846\" value=\"Gwarancja\" checked=\"checked\" \/><span class=\"wpcf7-list-item-label\">Gwarancja<\/span><\/label><\/span><span class=\"wpcf7-list-item last\"><label><input type=\"radio\" name=\"radio-846\" value=\"R\u0119kojmia\" \/><span class=\"wpcf7-list-item-label\">R\u0119kojmia<\/span><\/label><\/span><\/span><\/span>\n\t<\/p>\n<\/div>\n<div class=\"formBox\">\n\t<div class=\"formItem\">\n\t\t<div class=\"formGroup\">\n\t\t\t<p><label>Dane zg\u0142aszaj\u0105cego reklamacj\u0119 *<\/label><br \/>\n<span class=\"wpcf7-form-control-wrap\" data-name=\"text-663\"><input size=\"40\" maxlength=\"400\" class=\"wpcf7-form-control wpcf7-text wpcf7-validates-as-required\" aria-required=\"true\" aria-invalid=\"false\" placeholder=\"imi\u0119 i nazwisko \/ nazwa firmy\" value=\"\" type=\"text\" name=\"text-663\" \/><\/span><br \/>\n<span class=\"wpcf7-form-control-wrap\" data-name=\"text-798\"><input size=\"40\" maxlength=\"400\" class=\"wpcf7-form-control wpcf7-text\" aria-invalid=\"false\" placeholder=\"podaj NIP (w przypadku firm)\" value=\"\" type=\"text\" name=\"text-798\" \/><\/span><br \/>\n<span class=\"wpcf7-form-control-wrap\" data-name=\"text-849\"><input size=\"40\" maxlength=\"400\" class=\"wpcf7-form-control wpcf7-text wpcf7-validates-as-required\" aria-required=\"true\" aria-invalid=\"false\" placeholder=\"miejscowo\u015b\u0107\" value=\"\" type=\"text\" name=\"text-849\" \/><\/span><br \/>\n<span class=\"wpcf7-form-control-wrap\" data-name=\"text-573\"><input size=\"40\" maxlength=\"400\" class=\"wpcf7-form-control wpcf7-text wpcf7-validates-as-required\" aria-required=\"true\" aria-invalid=\"false\" placeholder=\"ulica\" value=\"\" type=\"text\" name=\"text-573\" \/><\/span><br \/>\n<span class=\"wpcf7-form-control-wrap\" data-name=\"tel-644\"><input size=\"40\" maxlength=\"400\" class=\"wpcf7-form-control wpcf7-tel wpcf7-validates-as-required wpcf7-text wpcf7-validates-as-tel\" aria-required=\"true\" aria-invalid=\"false\" placeholder=\"numer telefonu\" value=\"\" type=\"tel\" name=\"tel-644\" \/><\/span><br \/>\n<span class=\"wpcf7-form-control-wrap\" data-name=\"email-212\"><input size=\"40\" maxlength=\"400\" class=\"wpcf7-form-control wpcf7-email wpcf7-validates-as-required wpcf7-text wpcf7-validates-as-email\" aria-required=\"true\" aria-invalid=\"false\" placeholder=\"adres e-mail\" value=\"\" type=\"email\" name=\"email-212\" \/><\/span>\n\t\t\t<\/p>\n\t\t<\/div>\n\t\t<div class=\"formGroup\">\n\t\t\t<p><label>Informacje o reklamowanym produkcie *<\/label><br \/>\n<span class=\"wpcf7-form-control-wrap\" data-name=\"text-976\"><input size=\"40\" maxlength=\"400\" class=\"wpcf7-form-control wpcf7-text wpcf7-validates-as-required\" aria-required=\"true\" aria-invalid=\"false\" placeholder=\"nazwa produktu\" value=\"\" type=\"text\" name=\"text-976\" \/><\/span><br \/>\n<span class=\"wpcf7-form-control-wrap\" data-name=\"text-491\"><input size=\"40\" maxlength=\"400\" class=\"wpcf7-form-control wpcf7-text wpcf7-validates-as-required\" aria-required=\"true\" aria-invalid=\"false\" placeholder=\"ilo\u015b\u0107 zakupionego towaru\" value=\"\" type=\"text\" name=\"text-491\" \/><\/span><br \/>\n<span class=\"wpcf7-form-control-wrap\" data-name=\"text-799\"><input size=\"40\" maxlength=\"400\" class=\"wpcf7-form-control wpcf7-text wpcf7-validates-as-required\" aria-required=\"true\" aria-invalid=\"false\" placeholder=\"reklamowana ilo\u015b\u0107 szt. \/ m2\" value=\"\" type=\"text\" name=\"text-799\" \/><\/span>\n\t\t\t<\/p>\n\t\t<\/div>\n\t<\/div>\n\t<div class=\"formItem\">\n\t\t<div class=\"formGroup\">\n\t\t\t<p><label>Numer dokumentu sprzeda\u017cy *<\/label><br \/>\n<span class=\"wpcf7-form-control-wrap\" data-name=\"text-918\"><input size=\"40\" maxlength=\"400\" class=\"wpcf7-form-control wpcf7-text wpcf7-validates-as-required\" aria-required=\"true\" aria-invalid=\"false\" placeholder=\"wpisz numer faktury \/ paragonu\" value=\"\" type=\"text\" name=\"text-918\" \/><\/span>\n\t\t\t<\/p>\n\t\t<\/div>\n\t\t<div class=\"formGroup\">\n\t\t\t<p><label>Data sprzeda\u017cy *<\/label><br \/>\n<span class=\"wpcf7-form-control-wrap\" data-name=\"text-831\"><input class=\"wpcf7-form-control wpcf7-date wpcf7-validates-as-required wpcf7-validates-as-date\" aria-required=\"true\" aria-invalid=\"false\" placeholder=\"wpisz dat\u0119\" value=\"\" type=\"date\" name=\"text-831\" \/><\/span>\n\t\t\t<\/p>\n\t\t<\/div>\n\t\t<div class=\"formGroup\">\n\t\t\t<p><label>Nazwa sprzedawcy (miejsca zakupu) *<\/label><br \/>\n<span class=\"wpcf7-form-control-wrap\" data-name=\"text-305\"><input size=\"40\" maxlength=\"400\" class=\"wpcf7-form-control wpcf7-text wpcf7-validates-as-required\" aria-required=\"true\" aria-invalid=\"false\" placeholder=\"wpisz nazw\u0119 firmy \/ dystrybutora\" value=\"\" type=\"text\" name=\"text-305\" \/><\/span>\n\t\t\t<\/p>\n\t\t<\/div>\n\t\t<div class=\"formGroup\">\n\t\t\t<p><label>Lokalizacja reklamowanego produktu *<\/label><br \/>\n<span class=\"wpcf7-form-control-wrap\" data-name=\"text-975\"><input size=\"40\" maxlength=\"400\" class=\"wpcf7-form-control wpcf7-text wpcf7-validates-as-required\" aria-required=\"true\" aria-invalid=\"false\" placeholder=\"miejscowo\u015b\u0107\" value=\"\" type=\"text\" name=\"text-975\" \/><\/span><br \/>\n<span class=\"wpcf7-form-control-wrap\" data-name=\"text-908\"><input size=\"40\" maxlength=\"400\" class=\"wpcf7-form-control wpcf7-text wpcf7-validates-as-required\" aria-required=\"true\" aria-invalid=\"false\" placeholder=\"ulica\" value=\"\" type=\"text\" name=\"text-908\" \/><\/span><br \/>\n<span class=\"wpcf7-form-control-wrap\" data-name=\"tel-636\"><input size=\"40\" maxlength=\"400\" class=\"wpcf7-form-control wpcf7-tel wpcf7-validates-as-required wpcf7-text wpcf7-validates-as-tel\" aria-required=\"true\" aria-invalid=\"false\" placeholder=\"numer telefonu\" value=\"\" type=\"tel\" name=\"tel-636\" \/><\/span>\n\t\t\t<\/p>\n\t\t<\/div>\n\t<\/div>\n<\/div>\n<div class=\"formItem\">\n\t<div class=\"formGroup\">\n\t\t<p><label>Przyczyna reklamacji *<\/label><br \/>\n<span class=\"wpcf7-form-control-wrap\" data-name=\"menu-231\"><span class=\"wpcf7-form-control wpcf7-radio\"><span class=\"wpcf7-list-item first\"><label><input type=\"radio\" name=\"menu-231\" value=\"uszkodzenie mechaniczne\" \/><span class=\"wpcf7-list-item-label\">uszkodzenie mechaniczne<\/span><\/label><\/span><span class=\"wpcf7-list-item\"><label><input type=\"radio\" name=\"menu-231\" value=\"niezgodno\u015b\u0107 z zam\u00f3wieniem\" \/><span class=\"wpcf7-list-item-label\">niezgodno\u015b\u0107 z zam\u00f3wieniem<\/span><\/label><\/span><span class=\"wpcf7-list-item last\"><label><input type=\"radio\" name=\"menu-231\" value=\"inne\" \/><span class=\"wpcf7-list-item-label\">inne<\/span><\/label><\/span><\/span><\/span>\n\t\t<\/p>\n\t<\/div>\n\t<div class=\"formGroup\">\n\t\t<p><label>Okoliczno\u015bci wykrycia wady:<\/label><br \/>\n<span class=\"wpcf7-form-control-wrap\" data-name=\"menu-236\"><span class=\"wpcf7-form-control wpcf7-radio\"><span class=\"wpcf7-list-item first\"><label><input type=\"radio\" name=\"menu-236\" value=\"przy dostawie\" \/><span class=\"wpcf7-list-item-label\">przy dostawie<\/span><\/label><\/span><span class=\"wpcf7-list-item\"><label><input type=\"radio\" name=\"menu-236\" value=\"na magazynie\" \/><span class=\"wpcf7-list-item-label\">na magazynie<\/span><\/label><\/span><span class=\"wpcf7-list-item last\"><label><input type=\"radio\" name=\"menu-236\" value=\"na terenie inwestycji\" \/><span class=\"wpcf7-list-item-label\">na terenie inwestycji<\/span><\/label><\/span><\/span><\/span>\n\t\t<\/p>\n\t<\/div>\n\t<div class=\"formGroup\">\n\t\t<p><label>\u017b\u0105danie Klienta:<\/label><br \/>\n<span class=\"wpcf7-form-control-wrap\" data-name=\"menu-262\"><span class=\"wpcf7-form-control wpcf7-radio\"><span class=\"wpcf7-list-item first\"><label><input type=\"radio\" name=\"menu-262\" value=\"rekompensata\" \/><span class=\"wpcf7-list-item-label\">rekompensata<\/span><\/label><\/span><span class=\"wpcf7-list-item\"><label><input type=\"radio\" name=\"menu-262\" value=\"zwrot got\u00f3wki\" \/><span class=\"wpcf7-list-item-label\">zwrot got\u00f3wki<\/span><\/label><\/span><span class=\"wpcf7-list-item last\"><label><input type=\"radio\" name=\"menu-262\" value=\"wymiana na nowy\" \/><span class=\"wpcf7-list-item-label\">wymiana na nowy<\/span><\/label><\/span><\/span><\/span>\n\t\t<\/p>\n\t<\/div>\n\t<div class=\"formGroup\">\n\t\t<p><label>Czy produkt zosta\u0142 zabudowany?<\/label><br \/>\n<span class=\"wpcf7-form-control-wrap\" data-name=\"menu-326\"><span class=\"wpcf7-form-control wpcf7-radio\"><span class=\"wpcf7-list-item first\"><label><input type=\"radio\" name=\"menu-326\" value=\"tak\" \/><span class=\"wpcf7-list-item-label\">tak<\/span><\/label><\/span><span class=\"wpcf7-list-item last\"><label><input type=\"radio\" name=\"menu-326\" value=\"nie\" \/><span class=\"wpcf7-list-item-label\">nie<\/span><\/label><\/span><\/span><\/span>\n\t\t<\/p>\n\t<\/div>\n\t<div class=\"formGroup\">\n\t\t<p><label>Czy materia\u0142 zosta\u0142 zakupiony z jednej partii produkcyjnej?<\/label><br \/>\n<span class=\"wpcf7-form-control-wrap\" data-name=\"menu-426\"><span class=\"wpcf7-form-control wpcf7-radio\"><span class=\"wpcf7-list-item first\"><label><input type=\"radio\" name=\"menu-426\" value=\"tak\" \/><span class=\"wpcf7-list-item-label\">tak<\/span><\/label><\/span><span class=\"wpcf7-list-item last\"><label><input type=\"radio\" name=\"menu-426\" value=\"nie\" \/><span class=\"wpcf7-list-item-label\">nie<\/span><\/label><\/span><\/span><\/span>\n\t\t<\/p>\n\t<\/div>\n\t<div class=\"formGroup\">\n\t\t<p><label>Data monta\u017cu produktu *<\/label><br \/>\n<span class=\"wpcf7-form-control-wrap\" data-name=\"date-279\"><input class=\"wpcf7-form-control wpcf7-date wpcf7-validates-as-required wpcf7-validates-as-date\" aria-required=\"true\" aria-invalid=\"false\" value=\"\" type=\"date\" name=\"date-279\" \/><\/span>\n\t\t<\/p>\n\t<\/div>\n\t<div class=\"formGroup\">\n\t\t<p><label>Dostawa produktu *<\/label><br \/>\n<span class=\"wpcf7-form-control-wrap\" data-name=\"text-174\"><input size=\"40\" maxlength=\"400\" class=\"wpcf7-form-control wpcf7-text wpcf7-validates-as-required\" aria-required=\"true\" aria-invalid=\"false\" placeholder=\"spos\u00f3b dostawy produktu\" value=\"\" type=\"text\" name=\"text-174\" \/><\/span><br \/>\n<span class=\"wpcf7-form-control-wrap\" data-name=\"text-35\"><input size=\"40\" maxlength=\"400\" class=\"wpcf7-form-control wpcf7-text\" aria-invalid=\"false\" placeholder=\"ewentualne uwagi dotycz\u0105ce dostawy\" value=\"\" type=\"text\" name=\"text-35\" \/><\/span>\n\t\t<\/p>\n\t<\/div>\n<\/div>\n<div class=\"formItem\">\n\t<p><label>Opis zg\u0142aszanych wad produktu *<\/label><br \/>\n<span class=\"wpcf7-form-control-wrap\" data-name=\"textarea-606\"><textarea cols=\"40\" rows=\"10\" maxlength=\"2000\" class=\"wpcf7-form-control wpcf7-textarea wpcf7-validates-as-required\" aria-required=\"true\" aria-invalid=\"false\" placeholder=\"opisz wady reklamowanego produktu\" name=\"textarea-606\"><\/textarea><\/span>\n\t<\/p>\n<\/div>\n<div class=\"formItem\">\n\t<p style=\"display: flex; align-items: flex-end; gap: 20px\"><label>Dodaj plik *<\/label><span style=\"margin-bottom: .15em; color: #707070\">Maksymalny rozmiar zdj\u0119cia - 5MB. Akceptowane formaty: jpg | jpeg | heic | png | rar | zip<\/span>\n\t<\/p>\n<\/div>\n<div class=\"formItem\" style=\"margin:2em 0 4em 0\">\n\t<p><span class=\"wpcf7-form-control-wrap\" data-name=\"mfile-143\"><input size=\"40\" class=\"wpcf7-form-control wpcf7-drag-n-drop-file d-none bruksa-file-upload\" aria-required=\"true\" aria-invalid=\"false\" type=\"file\" multiple=\"multiple\" data-name=\"mfile-143\" data-type=\"jpg|jpeg|heic|png|rar|zip|docx\" data-limit=\"5242880\" data-min=\"1\" data-max=\"5\" data-id=\"10895\" data-version=\"free version 1.3.9.1\" accept=\".jpg, .jpeg, .heic, .png, .rar, .zip, .docx\" data-black-list=\"exe|bat|com|js|sh|jsx|php\" \/><\/span>\n\t<\/p>\n<\/div>\n<div class=\"checkbox-wi\">\n\t<p><span class=\"wpcf7-form-control-wrap\" data-name=\"checkbox-p\"><span class=\"wpcf7-form-control wpcf7-acceptance\"><span class=\"wpcf7-list-item\"><label><input type=\"checkbox\" name=\"checkbox-p\" value=\"1\" aria-invalid=\"false\" \/><span class=\"wpcf7-list-item-label\">Administratorem Pa\u0144stwa danych osobowych jest BRUK SA, z siedzib\u0105 przy ul. Cz\u0119stochowskiej 19, 42-714 Lis\u00f3w. Pa\u0144stwa dane b\u0119d\u0105 przetwarzane jedynie w celu obs\u0142ugi wys\u0142anego zapytania i tak d\u0142ugo, jak to konieczne do obs\u0142ugi tego zapytania. Maj\u0105 Pa\u0144stwo prawo do dost\u0119pu do swoich danych, ich sprostowania, usuni\u0119cia, ograniczenia przetwarzania, wniesienia sprzeciwu wobec przetwarzania oraz przeniesienia danych. Mog\u0105 Pa\u0144stwo r\u00f3wnie\u017c wnie\u015b\u0107 skarg\u0119 do organu nadzorczego. Podanie danych jest dobrowolne, ale niezb\u0119dne do obs\u0142ugi zapytania. Podstawa prawna: przetwarzanie jest niezb\u0119dne do podj\u0119cia dzia\u0142a\u0144 na \u017c\u0105danie osoby, kt\u00f3rej dane dotycz\u0105, przed zawarciem umowy. W razie pyta\u0144 prosimy o kontakt pod nr tel. 600 100 600. Wi\u0119cej na ten temat w dokumencie <a href=\"https:\/\/bruksa.devoffteam.eu\/en\/polityka-prywatnosci\/\">Privacy Policy<\/a>.<\/span><\/label><\/span><\/span><\/span>\n\t<\/p>\n<\/div>\n<div class=\"wpcf7-response-output\" aria-hidden=\"true\"><\/div>\n<div class=\"elementor-element bruksa--button contactSend elementor-widget elementor-widget-button\" data-element_type=\"widget\" data-widget_type=\"button.default\" style=\"margin-top: 60px;\">\n\t<div class=\"elementor-widget-container\">\n\t\t<div class=\"elementor-button-wrapper\">\n\t\t\t<p><button class=\"button elementor-button elementor-button-link elementor-size-sm\" type=\"submit\"><br \/>\n<span class=\"elementor-button-content-wrapper\"><br \/>\n<span class=\"elementor-button-text\">WY\u015aLIJ ZG\u0141OSZENIE REKLAMACYJNE<\/span><br \/>\n<\/span><br \/>\n<\/button>\n\t\t\t<\/p>\n\t\t<\/div>\n\t<\/div>\n<\/div>\n<input type=\"hidden\" name=\"trp-form-language\" value=\"en\"\/><\/form>\n<\/div>\n<\/div>\n\t\t\t\t\t\t<\/div>\n\t\t\t\t<\/div>\n\t\t\t\t\t<\/div>\n\t\t\t\t<\/div>\n\t\t\t\t<\/div>","protected":false},"excerpt":{"rendered":"<p>FORMULARZ ZG\u0141OSZENIA REKLAMACJI<\/p>","protected":false},"author":2,"featured_media":0,"parent":0,"menu_order":0,"comment_status":"closed","ping_status":"closed","template":"","meta":{"_acf_changed":false,"footnotes":""},"class_list":["post-10896","page","type-page","status-publish","hentry"],"acf":[],"_links":{"self":[{"href":"https:\/\/bruksa.devoffteam.eu\/en\/wp-json\/wp\/v2\/pages\/10896","targetHints":{"allow":["GET"]}}],"collection":[{"href":"https:\/\/bruksa.devoffteam.eu\/en\/wp-json\/wp\/v2\/pages"}],"about":[{"href":"https:\/\/bruksa.devoffteam.eu\/en\/wp-json\/wp\/v2\/types\/page"}],"author":[{"embeddable":true,"href":"https:\/\/bruksa.devoffteam.eu\/en\/wp-json\/wp\/v2\/users\/2"}],"replies":[{"embeddable":true,"href":"https:\/\/bruksa.devoffteam.eu\/en\/wp-json\/wp\/v2\/comments?post=10896"}],"version-history":[{"count":7,"href":"https:\/\/bruksa.devoffteam.eu\/en\/wp-json\/wp\/v2\/pages\/10896\/revisions"}],"predecessor-version":[{"id":12127,"href":"https:\/\/bruksa.devoffteam.eu\/en\/wp-json\/wp\/v2\/pages\/10896\/revisions\/12127"}],"wp:attachment":[{"href":"https:\/\/bruksa.devoffteam.eu\/en\/wp-json\/wp\/v2\/media?parent=10896"}],"curies":[{"name":"wp","href":"https:\/\/api.w.org\/{rel}","templated":true}]}}