{"id":10866,"date":"2024-12-16T22:11:46","date_gmt":"2024-12-16T22:11:46","guid":{"rendered":"https:\/\/new.bruksa.pl\/?page_id=10866"},"modified":"2025-09-26T06:42:03","modified_gmt":"2025-09-26T06:42:03","slug":"do-pobrania","status":"publish","type":"page","link":"https:\/\/bruksa.devoffteam.eu\/en\/do-pobrania\/","title":{"rendered":"Downloads"},"content":{"rendered":"<div data-elementor-type=\"wp-page\" data-elementor-id=\"10866\" class=\"elementor elementor-10866\" data-elementor-post-type=\"page\">\n\t\t\t\t<div class=\"elementor-element elementor-element-7cdf8d9 bruksa--padded e-flex e-con-boxed e-con e-parent\" data-id=\"7cdf8d9\" data-element_type=\"container\">\n\t\t\t\t\t<div class=\"e-con-inner\">\n\t\t\t\t<div class=\"elementor-element elementor-element-91a9114 elementor-widget elementor-widget-heading\" data-id=\"91a9114\" data-element_type=\"widget\" data-widget_type=\"heading.default\">\n\t\t\t\t<div class=\"elementor-widget-container\">\n\t\t\t\t\t<h1 class=\"elementor-heading-title elementor-size-default\">Pliki do pobrania<\/h1>\t\t\t\t<\/div>\n\t\t\t\t<\/div>\n\t\t\t\t<div class=\"elementor-element elementor-element-55b01f3 elementor-widget elementor-widget-bruksa_post_attachments\" data-id=\"55b01f3\" data-element_type=\"widget\" data-widget_type=\"bruksa_post_attachments.default\">\n\t\t\t\t<div class=\"elementor-widget-container\">\n\t\t\t\t\t<ul class=\"bruksa--attachments-list\"><li class=\"attachment-item\"><b>General conditions of sale:<\/b>  PDF Rozmiar nieznany <a href=\"https:\/\/bruksa.devoffteam.eu\/wp-content\/uploads\/2024\/12\/ogolne-warunki-sprzedazy_241.pdf\" download>Download file<\/a><\/li><li class=\"attachment-item\"><b>Og\u00f3lne informacje o produkcie:<\/b>  PDF Rozmiar nieznany <a href=\"https:\/\/bruksa.devoffteam.eu\/wp-content\/uploads\/2024\/12\/ogolne-informacje-o-produkcie_374.pdf\" download>Download file<\/a><\/li><li class=\"attachment-item\"><b>Warranty conditions:<\/b>  PDF Rozmiar nieznany <a href=\"https:\/\/bruksa.devoffteam.eu\/wp-content\/uploads\/2024\/12\/warunki-gwarancji_596.pdf\" download>Download file<\/a><\/li><li class=\"attachment-item\"><b>Pallet Return Regulations:<\/b>  PDF Rozmiar nieznany <a href=\"https:\/\/bruksa.devoffteam.eu\/wp-content\/uploads\/2025\/09\/regulamin_zwrotu_palet_040925.pdf\" download>Download file<\/a><\/li><li class=\"attachment-item\"><b>Catalog:<\/b>  PDF Rozmiar nieznany <a href=\"https:\/\/bruksa.devoffteam.eu\/wp-content\/uploads\/2025\/09\/KATALOG_25092025.pdf\" download>Download file<\/a><\/li><li class=\"attachment-item\"><b>Pricing:<\/b>  PDF Rozmiar nieznany <a href=\"https:\/\/bruksa.devoffteam.eu\/wp-content\/uploads\/2025\/09\/cennik_25092025.pdf\" download>Download file<\/a><\/li><\/ul>\t\t\t\t<\/div>\n\t\t\t\t<\/div>\n\t\t\t\t\t<\/div>\n\t\t\t\t<\/div>\n\t\t<div class=\"elementor-element elementor-element-88f2ce2 bruksa--positive bruksa--padded-medium e-flex e-con-boxed e-con e-parent\" data-id=\"88f2ce2\" data-element_type=\"container\">\n\t\t\t\t\t<div class=\"e-con-inner\">\n\t\t<div class=\"elementor-element elementor-element-50350ca e-con-full e-flex e-con e-child\" data-id=\"50350ca\" data-element_type=\"container\">\n\t\t\t\t<div class=\"elementor-element elementor-element-f476a72 elementor-widget elementor-widget-heading\" data-id=\"f476a72\" data-element_type=\"widget\" data-widget_type=\"heading.default\">\n\t\t\t\t<div class=\"elementor-widget-container\">\n\t\t\t\t\t<h2 class=\"elementor-heading-title elementor-size-default\">Claim form<\/h2>\t\t\t\t<\/div>\n\t\t\t\t<\/div>\n\t\t\t\t<div class=\"elementor-element elementor-element-4996e09 bruksa--button elementor-widget elementor-widget-button\" data-id=\"4996e09\" data-element_type=\"widget\" data-widget_type=\"button.default\">\n\t\t\t\t<div class=\"elementor-widget-container\">\n\t\t\t\t\t\t\t\t\t<div class=\"elementor-button-wrapper\">\n\t\t\t\t\t<a class=\"elementor-button elementor-button-link elementor-size-sm\" href=\"https:\/\/bruksa.devoffteam.eu\/en\/formularz-reklamacji\/\">\n\t\t\t\t\t\t<span class=\"elementor-button-content-wrapper\">\n\t\t\t\t\t\t\t\t\t<span class=\"elementor-button-text\">Fill Online<\/span>\n\t\t\t\t\t<\/span>\n\t\t\t\t\t<\/a>\n\t\t\t\t<\/div>\n\t\t\t\t\t\t\t\t<\/div>\n\t\t\t\t<\/div>\n\t\t\t\t<\/div>\n\t\t\t\t\t<\/div>\n\t\t\t\t<\/div>\n\t\t<div class=\"elementor-element elementor-element-e056b9b e-flex e-con-boxed e-con e-parent\" data-id=\"e056b9b\" data-element_type=\"container\">\n\t\t\t\t\t<div class=\"e-con-inner\">\n\t\t\t\t\t<\/div>\n\t\t\t\t<\/div>\n\t\t\t\t<\/div>","protected":false},"excerpt":{"rendered":"<p>Pliki do pobrania Katalog: PDF 41 MB Pobierz plik Og\u00f3lne warunki sprzeda\u017cy: PDF 154 KB Pobierz plik Og\u00f3lne informacje o produkcie: PDF 163 KB Pobierz plik Warunki gwarancji: PDF 215 KB Pobierz plik Regulamin zwrotu palet: PDF 147 KB Pobierz plik Formularz zg\u0142oszenia reklamacji Wype\u0142nij Online<\/p>","protected":false},"author":2,"featured_media":0,"parent":0,"menu_order":0,"comment_status":"closed","ping_status":"closed","template":"","meta":{"_acf_changed":false,"footnotes":""},"class_list":["post-10866","page","type-page","status-publish","hentry"],"acf":[],"_links":{"self":[{"href":"https:\/\/bruksa.devoffteam.eu\/en\/wp-json\/wp\/v2\/pages\/10866","targetHints":{"allow":["GET"]}}],"collection":[{"href":"https:\/\/bruksa.devoffteam.eu\/en\/wp-json\/wp\/v2\/pages"}],"about":[{"href":"https:\/\/bruksa.devoffteam.eu\/en\/wp-json\/wp\/v2\/types\/page"}],"author":[{"embeddable":true,"href":"https:\/\/bruksa.devoffteam.eu\/en\/wp-json\/wp\/v2\/users\/2"}],"replies":[{"embeddable":true,"href":"https:\/\/bruksa.devoffteam.eu\/en\/wp-json\/wp\/v2\/comments?post=10866"}],"version-history":[{"count":36,"href":"https:\/\/bruksa.devoffteam.eu\/en\/wp-json\/wp\/v2\/pages\/10866\/revisions"}],"predecessor-version":[{"id":15782,"href":"https:\/\/bruksa.devoffteam.eu\/en\/wp-json\/wp\/v2\/pages\/10866\/revisions\/15782"}],"wp:attachment":[{"href":"https:\/\/bruksa.devoffteam.eu\/en\/wp-json\/wp\/v2\/media?parent=10866"}],"curies":[{"name":"wp","href":"https:\/\/api.w.org\/{rel}","templated":true}]}}