{"id":10104,"date":"2024-12-04T19:41:30","date_gmt":"2024-12-04T19:41:30","guid":{"rendered":"https:\/\/new.bruksa.pl\/?page_id=10104"},"modified":"2024-12-17T00:13:36","modified_gmt":"2024-12-17T00:13:36","slug":"polityka-prywatnosci","status":"publish","type":"page","link":"https:\/\/bruksa.devoffteam.eu\/en\/polityka-prywatnosci\/","title":{"rendered":"Privacy Policy"},"content":{"rendered":"<div data-elementor-type=\"wp-page\" data-elementor-id=\"10104\" class=\"elementor elementor-10104\" data-elementor-post-type=\"page\">\n\t\t\t\t<div class=\"elementor-element elementor-element-3ed177d bruksa--padded bruksa--inverted e-flex e-con-boxed e-con e-parent\" data-id=\"3ed177d\" data-element_type=\"container\">\n\t\t\t\t\t<div class=\"e-con-inner\">\n\t\t\t\t<div class=\"elementor-element elementor-element-d3fea62 elementor-widget elementor-widget-heading\" data-id=\"d3fea62\" data-element_type=\"widget\" data-widget_type=\"heading.default\">\n\t\t\t\t<div class=\"elementor-widget-container\">\n\t\t\t\t\t<h1 class=\"elementor-heading-title elementor-size-default\">Privacy Policy<\/h1>\t\t\t\t<\/div>\n\t\t\t\t<\/div>\n\t\t\t\t<div class=\"elementor-element elementor-element-f006868 elementor-widget elementor-widget-text-editor\" data-id=\"f006868\" data-element_type=\"widget\" data-widget_type=\"text-editor.default\">\n\t\t\t\t<div class=\"elementor-widget-container\">\n\t\t\t\t\t\t\t\t\t<p>Od 25 maja 2018 roku obowi\u0105zuje Rozporz\u0105dzenie Parlamentu Europejskiego i Rady (UE) 2016\/679 z dnia 27 kwietnia 2016 r. w sprawie ochrony os\u00f3b fizycznych w zwi\u0105zku z przetwarzaniem danych osobowych i w sprawie swobodnego przep\u0142ywu takich danych oraz uchylenia dyrektywy 95\/46\/WE (okre\u015blane jako RODO, ORODO, GDPR lub Og\u00f3lne Rozporz\u0105dzenie o Ochronie Danych).<\/p><p>W zwi\u0105zku z tym chcieliby\u015bmy poinformowa\u0107 Ci\u0119 o przetwarzaniu Twoich danych oraz zasadach, na jakich b\u0119dzie si\u0119 to odbywa\u0142o po dniu 25 maja 2018 roku. Poni\u017cej znajdziesz podstawowe informacje na ten temat.<\/p><h5>O jakich danych m\u00f3wimy?<\/h5><p>Chodzi o dane osobowe, kt\u00f3re s\u0105 zbierane w ramach korzystania przez Ciebie z naszych us\u0142ug, w tym stron internetowych, serwis\u00f3w i innych funkcjonalno\u015bci udost\u0119pnianych przez BRUK SA, w tym zapisywane w plikach cookies, kt\u00f3re s\u0105 instalowane na naszych stronach.<\/p><h5>Kto b\u0119dzie administratorem Twoich danych?<\/h5><p>Administratorem Twoich danych osobowych jest BRUK Sp\u00f3\u0142ka Akcyjna z siedzib\u0105 w 42-714 Lis\u00f3w przy ul. Cz\u0119stochowskiej 19 wpisana do rejestru przedsi\u0119biorc\u00f3w Krajowego Rejestru S\u0105dowego pod numerem 0000716091 (zwana dalej: BRUK SA)<\/p><h5>Dlaczego chcemy przetwarza\u0107 Twoje dane?<\/h5><p>Przetwarzamy te dane w celach opisanych w naszej polityce, mi\u0119dzy innymi aby:<br \/>\u2013 dopasowa\u0107 tre\u015bci stron i ich tematyk\u0119, w tym tematyk\u0119 ukazuj\u0105cych si\u0119 tam materia\u0142\u00f3w do Twoich zainteresowa\u0144,<br \/>\u2013 zapewni\u0107 Ci wi\u0119ksze bezpiecze\u0144stwo us\u0142ug, w tym aby wykry\u0107 ewentualne boty, oszustwa czy nadu\u017cycia,<br \/>\u2013 pokazywa\u0107 Ci reklamy dopasowane do Twoich potrzeb i zainteresowa\u0144,<br \/>\u2013 dokonywa\u0107 pomiar\u00f3w, kt\u00f3re pozwalaj\u0105 nam udoskonala\u0107 nasze us\u0142ugi i sprawi\u0107, \u017ce b\u0119d\u0105 maksymalnie odpowiada\u0107 Twoim potrzebom.<\/p><h5>Komu mo\u017cemy przekaza\u0107 dane?<\/h5><p>Zgodnie z obowi\u0105zuj\u0105cym prawem Twoje dane mo\u017cemy przekazywa\u0107 podmiotom przetwarzaj\u0105cym je na nasze zlecenie, np. agencjom marketingowym, podwykonawcom naszych us\u0142ug oraz podmiotom uprawnionym do uzyskania danych na podstawie obowi\u0105zuj\u0105cego prawa np. s\u0105dy lub organy \u015bcigania \u2013 oczywi\u015bcie tylko gdy wyst\u0105pi\u0105 z \u017c\u0105daniem w oparciu o stosown\u0105 podstaw\u0119 prawn\u0105.<\/p><h5>Jakie masz prawa w stosunku do Twoich danych?<\/h5><p>Masz mi\u0119dzy innymi prawo do \u017c\u0105dania dost\u0119pu do danych, sprostowania danych, prawo do bycia zapomnianym, prawo do ograniczenia przetwarzania, prawo do przenoszenia danych, prawo do sprzeciwu, prawo do zaprzestania podejmowania zautomatyzowanych decyzji.<\/p><h5>Jakie s\u0105 podstawy prawne przetwarzania Twoich danych?<\/h5><p>Ka\u017cde przetwarzanie Twoich danych musi by\u0107 oparte na w\u0142a\u015bciwej, zgodnej z obowi\u0105zuj\u0105cymi przepisami, podstawie prawnej. Podstaw\u0105 prawn\u0105 przetwarzania Twoich danych w celu \u015bwiadczenia us\u0142ug jest niezb\u0119dno\u015b\u0107 do wykonania um\u00f3w o ich \u015bwiadczenie (tymi umowami s\u0105 zazwyczaj regulaminy lub podobne dokumenty dost\u0119pne w us\u0142ugach, z kt\u00f3rych korzystasz). Tak\u0105 podstaw\u0105 przetwarzania w celach dopasowywania tre\u015bci us\u0142ug do Twoich zainteresowa\u0144, zapewnienia bezpiecze\u0144stwa, pomiar\u00f3w statystycznych, udoskonalania us\u0142ug, jak r\u00f3wnie\u017c w celu marketingu w\u0142asnego administrator\u00f3w jest tzw. uzasadniony interes administratora. Przetwarzanie Twoich danych w celach marketingowych podmiot\u00f3w trzecich b\u0119dzie odbywa\u0107 si\u0119 na podstawie Twojej dobrowolnej zgody.<\/p><p>Dlatego te\u017c prosimy zaznacz przycisk \u201eZgadzam si\u0119\u201d je\u017celi zgadzasz si\u0119 na przetwarzanie, po 25 maja 2018 roku, Twoich danych osobowych zbieranych w ramach korzystania przez Ciebie z us\u0142ug, w tym ze stron internetowych, serwis\u00f3w i innych funkcjonalno\u015bci BRUK SA, w tym tak\u017ce zbieranych w tzw. plikach cookies, w celach marketingowych.<\/p><p>Wyra\u017cenie zgody jest dobrowolne i mo\u017cesz j\u0105 w dowolnym momencie wycofa\u0107.<\/p>\t\t\t\t\t\t\t\t<\/div>\n\t\t\t\t<\/div>\n\t\t\t\t\t<\/div>\n\t\t\t\t<\/div>\n\t\t<div class=\"elementor-element elementor-element-b1fd613 bruksa--inverted bruksa--padded-medium e-flex e-con-boxed e-con e-parent\" data-id=\"b1fd613\" data-element_type=\"container\">\n\t\t\t\t\t<div class=\"e-con-inner\">\n\t\t\t\t<div class=\"elementor-element elementor-element-ca6df38 elementor-widget elementor-widget-heading\" data-id=\"ca6df38\" data-element_type=\"widget\" data-widget_type=\"heading.default\">\n\t\t\t\t<div class=\"elementor-widget-container\">\n\t\t\t\t\t<h2 class=\"elementor-heading-title elementor-size-default\">Pliki Cookies<\/h2>\t\t\t\t<\/div>\n\t\t\t\t<\/div>\n\t\t\t\t<div class=\"elementor-element elementor-element-f65de90 elementor-widget elementor-widget-text-editor\" data-id=\"f65de90\" data-element_type=\"widget\" data-widget_type=\"text-editor.default\">\n\t\t\t\t<div class=\"elementor-widget-container\">\n\t\t\t\t\t\t\t\t\t<ol><li>Serwis nie zbiera w spos\u00f3b automatyczny \u017cadnych informacji, z wyj\u0105tkiem informacji zawartych w plikach cookies.<\/li><li>Pliki cookies (tzw. \u201eciasteczka\u201d) stanowi\u0105 dane informatyczne, w szczeg\u00f3lno\u015bci pliki tekstowe, kt\u00f3re przechowywane s\u0105 w urz\u0105dzeniu ko\u0144cowym U\u017cytkownika Serwisu i przeznaczone s\u0105 do korzystania ze stron internetowych Serwisu. Cookies zazwyczaj zawieraj\u0105 nazw\u0119 strony internetowej, z kt\u00f3rej pochodz\u0105, czas przechowywania ich na urz\u0105dzeniu ko\u0144cowym oraz unikalny numer.<\/li><li>Podmiotem zamieszczaj\u0105cym na urz\u0105dzeniu ko\u0144cowym U\u017cytkownika Serwisu pliki cookies oraz uzyskuj\u0105cym do nich dost\u0119p jest operator Serwisu bruksa.pl [BRUK SA] z siedzib\u0105 pod adresem 42-714 Lis\u00f3w, ul. Cz\u0119stochowska 19.<\/li><li>Pliki cookies wykorzystywane s\u0105 w celu:<ol><li>dostosowania zawarto\u015bci stron internetowych Serwisu do preferencji U\u017cytkownika oraz optymalizacji korzystania ze stron internetowych; w szczeg\u00f3lno\u015bci pliki te pozwalaj\u0105 rozpozna\u0107 urz\u0105dzenie U\u017cytkownika Serwisu i odpowiednio wy\u015bwietli\u0107 stron\u0119 internetow\u0105, dostosowan\u0105 do jego indywidualnych potrzeb<\/li><li>tworzenia statystyk, kt\u00f3re pomagaj\u0105 zrozumie\u0107, w jaki spos\u00f3b U\u017cytkownicy Serwisu korzystaj\u0105 ze stron internetowych, co umo\u017cliwia ulepszanie ich struktury i zawarto\u015bci<\/li><li>utrzymanie sesji U\u017cytkownika Serwisu (po zalogowaniu), dzi\u0119ki kt\u00f3rej U\u017cytkownik nie musi na ka\u017cdej podstronie Serwisu ponownie wpisywa\u0107 loginu i has\u0142a<\/li><\/ol><\/li><li>W ramach Serwisu stosowane s\u0105 dwa zasadnicze rodzaje plik\u00f3w cookies: \u201esesyjne\u201d (session cookies) oraz \u201esta\u0142e\u201d (persistent cookies). Cookies \u201esesyjne\u201d s\u0105 plikami tymczasowymi, kt\u00f3re przechowywane s\u0105 w urz\u0105dzeniu ko\u0144cowym U\u017cytkownika do czasu wylogowania, opuszczenia strony internetowej lub wy\u0142\u0105czenia oprogramowania (przegl\u0105darki internetowej). \u201eSta\u0142e\u201d pliki cookies przechowywane s\u0105 w urz\u0105dzeniu ko\u0144cowym U\u017cytkownika przez czas okre\u015blony w parametrach plik\u00f3w cookies lub do czasu ich usuni\u0119cia przez U\u017cytkownika.<\/li><li>W ramach Serwisu stosowane s\u0105 nast\u0119puj\u0105ce rodzaje plik\u00f3w cookies<ol><li>\u201eniezb\u0119dne\u201d pliki cookies, umo\u017cliwiaj\u0105ce korzystanie z us\u0142ug dost\u0119pnych w ramach Serwisu, np. uwierzytelniaj\u0105ce pliki cookies wykorzystywane do us\u0142ug wymagaj\u0105cych uwierzytelniania w ramach Serwisu<\/li><li>pliki cookies s\u0142u\u017c\u0105ce do zapewnienia bezpiecze\u0144stwa, np. wykorzystywane do wykrywania nadu\u017cy\u0107 w zakresie uwierzytelniania w ramach Serwisu<\/li><li>\u201ewydajno\u015bciowe\u201d pliki cookies, umo\u017cliwiaj\u0105ce zbieranie informacji o sposobie korzystania ze stron internetowych Serwisu<\/li><li>\u201efunkcjonalne\u201d pliki cookies, umo\u017cliwiaj\u0105ce ?zapami\u0119tanie? wybranych przez U\u017cytkownika ustawie\u0144 i personalizacj\u0119 interfejsu U\u017cytkownika, np. w zakresie wybranego j\u0119zyka lub regionu, z kt\u00f3rego pochodzi U\u017cytkownik, rozmiaru czcionki, wygl\u0105du strony internetowej itp.<\/li><li>\u201ereklamowe\u201d pliki cookies, umo\u017cliwiaj\u0105ce dostarczanie U\u017cytkownikom tre\u015bci reklamowych bardziej dostosowanych do ich zainteresowa\u0144.<\/li><\/ol><\/li><li>W wielu przypadkach oprogramowanie s\u0142u\u017c\u0105ce do przegl\u0105dania stron internetowych (przegl\u0105darka internetowa) domy\u015blnie dopuszcza przechowywanie plik\u00f3w cookies w urz\u0105dzeniu ko\u0144cowym U\u017cytkownika. U\u017cytkownicy Serwisu mog\u0105 dokona\u0107 w ka\u017cdym czasie zmiany ustawie\u0144 dotycz\u0105cych plik\u00f3w cookies. Ustawienia te mog\u0105 zosta\u0107 zmienione w szczeg\u00f3lno\u015bci w taki spos\u00f3b, aby blokowa\u0107 automatyczn\u0105 obs\u0142ug\u0119 plik\u00f3w cookies w ustawieniach przegl\u0105darki internetowej b\u0105d\u017a informowa\u0107 o ich ka\u017cdorazowym zamieszczeniu w urz\u0105dzeniu U\u017cytkownika Serwisu. Szczeg\u00f3\u0142owe informacje o mo\u017cliwo\u015bci i sposobach obs\u0142ugi plik\u00f3w cookies dost\u0119pne s\u0105 w ustawieniach oprogramowania (przegl\u0105darki internetowej).<\/li><li>Operator Serwisu informuje, \u017ce ograniczenia stosowania plik\u00f3w cookies mog\u0105 wp\u0142yn\u0105\u0107 na niekt\u00f3re funkcjonalno\u015bci dost\u0119pne na stronach internetowych Serwisu.<\/li><li>Pliki cookies zamieszczane w urz\u0105dzeniu ko\u0144cowym U\u017cytkownika Serwisu wykorzystywane mog\u0105 by\u0107 r\u00f3wnie\u017c przez wsp\u00f3\u0142pracuj\u0105cych z operatorem Serwisu reklamodawc\u00f3w oraz partner\u00f3w.<\/li><li>Wi\u0119cej informacji na temat plik\u00f3w cookies dost\u0119pnych jest pod adresem wszystkoociasteczkach.pl lub w sekcji \u201ePomoc\u201d w menu przegl\u0105darki internetowej.<\/li><\/ol><p>Powy\u017cszy wz\u00f3r polityki cookies chroniony jest prawem autorskim, kt\u00f3re przys\u0142uguje IAB Polska.<br \/>\u0179r\u00f3d\u0142o:wszystkoociasteczkach.pl<\/p>\t\t\t\t\t\t\t\t<\/div>\n\t\t\t\t<\/div>\n\t\t\t\t\t<\/div>\n\t\t\t\t<\/div>\n\t\t\t\t<\/div>","protected":false},"excerpt":{"rendered":"<p>Polityka prywatno\u015bci Od 25 maja 2018 roku obowi\u0105zuje Rozporz\u0105dzenie Parlamentu Europejskiego i Rady (UE) 2016\/679 z dnia 27 kwietnia 2016 r. w sprawie ochrony os\u00f3b fizycznych w zwi\u0105zku z przetwarzaniem danych osobowych i w sprawie swobodnego przep\u0142ywu takich danych oraz uchylenia dyrektywy 95\/46\/WE (okre\u015blane jako RODO, ORODO, GDPR lub Og\u00f3lne Rozporz\u0105dzenie o Ochronie Danych). W [&hellip;]<\/p>","protected":false},"author":2,"featured_media":0,"parent":0,"menu_order":0,"comment_status":"closed","ping_status":"closed","template":"","meta":{"_acf_changed":false,"footnotes":""},"class_list":["post-10104","page","type-page","status-publish","hentry"],"acf":[],"_links":{"self":[{"href":"https:\/\/bruksa.devoffteam.eu\/en\/wp-json\/wp\/v2\/pages\/10104","targetHints":{"allow":["GET"]}}],"collection":[{"href":"https:\/\/bruksa.devoffteam.eu\/en\/wp-json\/wp\/v2\/pages"}],"about":[{"href":"https:\/\/bruksa.devoffteam.eu\/en\/wp-json\/wp\/v2\/types\/page"}],"author":[{"embeddable":true,"href":"https:\/\/bruksa.devoffteam.eu\/en\/wp-json\/wp\/v2\/users\/2"}],"replies":[{"embeddable":true,"href":"https:\/\/bruksa.devoffteam.eu\/en\/wp-json\/wp\/v2\/comments?post=10104"}],"version-history":[{"count":7,"href":"https:\/\/bruksa.devoffteam.eu\/en\/wp-json\/wp\/v2\/pages\/10104\/revisions"}],"predecessor-version":[{"id":10927,"href":"https:\/\/bruksa.devoffteam.eu\/en\/wp-json\/wp\/v2\/pages\/10104\/revisions\/10927"}],"wp:attachment":[{"href":"https:\/\/bruksa.devoffteam.eu\/en\/wp-json\/wp\/v2\/media?parent=10104"}],"curies":[{"name":"wp","href":"https:\/\/api.w.org\/{rel}","templated":true}]}}